{"id":611,"date":"2026-04-24T18:21:06","date_gmt":"2026-04-24T23:21:06","guid":{"rendered":"https:\/\/capig.org.ec\/?post_type=product&#038;p=611"},"modified":"2026-04-24T18:21:06","modified_gmt":"2026-04-24T23:21:06","slug":"charla-virtual-gratuita-estrategias-para-construir-equipos-de-alto-desempeno","status":"publish","type":"product","link":"https:\/\/capig.org.ec\/es\/producto\/charla-virtual-gratuita-estrategias-para-construir-equipos-de-alto-desempeno\/","title":{"rendered":"Charla Virtual Gratuita: Estrategias para construir equipos de alto desempe\u00f1o"},"content":{"rendered":"","protected":false},"excerpt":{"rendered":"<p>Optimice el capital humano de su organizaci\u00f3n con herramientas de liderazgo y coaching.<br \/>\nEn el din\u00e1mico entorno industrial actual, la eficiencia t\u00e9cnica ya no es suficiente. El verdadero factor diferenciador de las empresas exitosas es su capacidad para transformar grupos de trabajo en Equipos de Alto Desempe\u00f1o.<br \/>\nLa C\u00e1mara de la Peque\u00f1a Industria de Guayaquil (CAPIG) invita a gerentes, jefes de \u00e1rea, supervisores y emprendedores a esta jornada de capacitaci\u00f3n gratuita, dise\u00f1ada para brindar herramientas pr\u00e1cticas de gesti\u00f3n y liderazgo inspirador.<br \/>\nObjetivos del Evento:<br \/>\n\u2022 Evoluci\u00f3n del Liderazgo: Transicional de una gesti\u00f3n puramente t\u00e9cnica hacia un liderazgo que inspire y movilice.<br \/>\n\u2022 Cultura de Compromiso: Establecer los pilares de confianza necesarios para equipos ganadores.<br \/>\n\u2022 Productividad Real: Aplicar t\u00e9cnicas de coaching para potenciar el rendimiento sin comprometer el clima laboral.<br \/>\nDetalles del Evento:<br \/>\n\u2022 <strong>Fecha:<\/strong> 5 de Mayo<br \/>\n\u2022 <strong>Hora:<\/strong> 09.00 a 11:00<br \/>\n\u2022 <strong>Modalidad:<\/strong> 100% Online (V\u00eda Zoom)<br \/>\n\u2022 <strong>Costo:<\/strong> Sin costo (Evento abierto para Socios y No Socios)<br \/>\n\u2022 <strong>Duraci\u00f3n:<\/strong> 2 Horas de formaci\u00f3n intensiva.<br \/>\n\u00bfPor qu\u00e9 asistir? Esta charla no es solo te\u00f3rica. Analizaremos la brecha entre &#8220;un grupo&#8221; y &#8220;un equipo real&#8221;, proporcionando a los asistentes una hoja de ruta clara para elevar la productividad de sus departamentos desde el primer d\u00eda.<\/p>\n<p><em><strong>Contacto e informaci\u00f3n adicional: c.formacion@capig.org.ec<\/strong><\/em><\/p>","protected":false},"featured_media":612,"template":"","meta":[],"product_brand":[],"product_cat":[22],"product_tag":[],"class_list":{"0":"post-611","1":"product","2":"type-product","3":"status-publish","4":"has-post-thumbnail","6":"product_cat-charlas","8":"first","9":"instock","10":"virtual","11":"taxable","12":"purchasable","13":"product-type-simple"},"yoast_head":"<!-- This site is optimized with the Yoast SEO plugin v27.0 - https:\/\/yoast.com\/product\/yoast-seo-wordpress\/ -->\n<title>Charla Virtual Gratuita: Estrategias para construir equipos de alto desempe\u00f1o - Capig<\/title>\n<meta name=\"robots\" content=\"index, follow, max-snippet:-1, max-image-preview:large, max-video-preview:-1\" \/>\n<link rel=\"canonical\" href=\"https:\/\/capig.org.ec\/es\/producto\/charla-virtual-gratuita-estrategias-para-construir-equipos-de-alto-desempeno\/\" \/>\n<meta property=\"og:locale\" content=\"es_ES\" \/>\n<meta property=\"og:type\" content=\"article\" \/>\n<meta property=\"og:title\" content=\"Charla Virtual Gratuita: Estrategias para construir equipos de alto desempe\u00f1o - Capig\" \/>\n<meta property=\"og:description\" content=\"Optimice el capital humano de su organizaci\u00f3n con herramientas de liderazgo y coaching. En el din\u00e1mico entorno industrial actual, la eficiencia t\u00e9cnica ya no es suficiente. El verdadero factor diferenciador de las empresas exitosas es su capacidad para transformar grupos de trabajo en Equipos de Alto Desempe\u00f1o. La C\u00e1mara de la Peque\u00f1a Industria de Guayaquil (CAPIG) invita a gerentes, jefes de \u00e1rea, supervisores y emprendedores a esta jornada de capacitaci\u00f3n gratuita, dise\u00f1ada para brindar herramientas pr\u00e1cticas de gesti\u00f3n y liderazgo inspirador. Objetivos del Evento: \u2022 Evoluci\u00f3n del Liderazgo: Transicional de una gesti\u00f3n puramente t\u00e9cnica hacia un liderazgo que inspire y movilice. \u2022 Cultura de Compromiso: Establecer los pilares de confianza necesarios para equipos ganadores. \u2022 Productividad Real: Aplicar t\u00e9cnicas de coaching para potenciar el rendimiento sin comprometer el clima laboral. Detalles del Evento: \u2022 Fecha: 5 de Mayo \u2022 Hora: 09.00 a 11:00 \u2022 Modalidad: 100% Online (V\u00eda Zoom) \u2022 Costo: Sin costo (Evento abierto para Socios y No Socios) \u2022 Duraci\u00f3n: 2 Horas de formaci\u00f3n intensiva. \u00bfPor qu\u00e9 asistir? Esta charla no es solo te\u00f3rica. Analizaremos la brecha entre &quot;un grupo&quot; y &quot;un equipo real&quot;, proporcionando a los asistentes una hoja de ruta clara para elevar la productividad de sus departamentos desde el primer d\u00eda.  Contacto e informaci\u00f3n adicional: c.formacion@capig.org.ec\" \/>\n<meta property=\"og:url\" content=\"https:\/\/capig.org.ec\/es\/producto\/charla-virtual-gratuita-estrategias-para-construir-equipos-de-alto-desempeno\/\" \/>\n<meta property=\"og:site_name\" content=\"Capig\" \/>\n<meta property=\"article:publisher\" content=\"https:\/\/www.facebook.com\/lacapig\" \/>\n<meta property=\"og:image\" content=\"https:\/\/capig.org.ec\/wp-content\/uploads\/2026\/04\/WhatsApp-Image-2026-04-23-at-14.27.23.jpeg\" \/>\n\t<meta property=\"og:image:width\" content=\"1024\" \/>\n\t<meta property=\"og:image:height\" content=\"1024\" \/>\n\t<meta property=\"og:image:type\" content=\"image\/jpeg\" \/>\n<meta name=\"twitter:card\" content=\"summary_large_image\" \/>\n<script type=\"application\/ld+json\" class=\"yoast-schema-graph\">{\"@context\":\"https:\/\/schema.org\",\"@graph\":[{\"@type\":\"WebPage\",\"@id\":\"https:\/\/capig.org.ec\/producto\/charla-virtual-gratuita-estrategias-para-construir-equipos-de-alto-desempeno\/\",\"url\":\"https:\/\/capig.org.ec\/producto\/charla-virtual-gratuita-estrategias-para-construir-equipos-de-alto-desempeno\/\",\"name\":\"Charla Virtual Gratuita: Estrategias para construir equipos de alto desempe\u00f1o - Capig\",\"isPartOf\":{\"@id\":\"https:\/\/capig.org.ec\/#website\"},\"primaryImageOfPage\":{\"@id\":\"https:\/\/capig.org.ec\/producto\/charla-virtual-gratuita-estrategias-para-construir-equipos-de-alto-desempeno\/#primaryimage\"},\"image\":{\"@id\":\"https:\/\/capig.org.ec\/producto\/charla-virtual-gratuita-estrategias-para-construir-equipos-de-alto-desempeno\/#primaryimage\"},\"thumbnailUrl\":\"https:\/\/capig.org.ec\/wp-content\/uploads\/2026\/04\/WhatsApp-Image-2026-04-23-at-14.27.23.jpeg\",\"datePublished\":\"2026-04-24T23:21:06+00:00\",\"breadcrumb\":{\"@id\":\"https:\/\/capig.org.ec\/producto\/charla-virtual-gratuita-estrategias-para-construir-equipos-de-alto-desempeno\/#breadcrumb\"},\"inLanguage\":\"es\",\"potentialAction\":[{\"@type\":\"ReadAction\",\"target\":[\"https:\/\/capig.org.ec\/producto\/charla-virtual-gratuita-estrategias-para-construir-equipos-de-alto-desempeno\/\"]}]},{\"@type\":\"ImageObject\",\"inLanguage\":\"es\",\"@id\":\"https:\/\/capig.org.ec\/producto\/charla-virtual-gratuita-estrategias-para-construir-equipos-de-alto-desempeno\/#primaryimage\",\"url\":\"https:\/\/capig.org.ec\/wp-content\/uploads\/2026\/04\/WhatsApp-Image-2026-04-23-at-14.27.23.jpeg\",\"contentUrl\":\"https:\/\/capig.org.ec\/wp-content\/uploads\/2026\/04\/WhatsApp-Image-2026-04-23-at-14.27.23.jpeg\",\"width\":1024,\"height\":1024},{\"@type\":\"BreadcrumbList\",\"@id\":\"https:\/\/capig.org.ec\/producto\/charla-virtual-gratuita-estrategias-para-construir-equipos-de-alto-desempeno\/#breadcrumb\",\"itemListElement\":[{\"@type\":\"ListItem\",\"position\":1,\"name\":\"Inicio\",\"item\":\"https:\/\/capig.org.ec\/\"},{\"@type\":\"ListItem\",\"position\":2,\"name\":\"Eventos y capacitaciones\",\"item\":\"https:\/\/capig.org.ec\/tienda\/\"},{\"@type\":\"ListItem\",\"position\":3,\"name\":\"Charla Virtual Gratuita: Estrategias para construir equipos de alto desempe\u00f1o\"}]},{\"@type\":\"WebSite\",\"@id\":\"https:\/\/capig.org.ec\/#website\",\"url\":\"https:\/\/capig.org.ec\/\",\"name\":\"Capig\",\"description\":\"Crecimiento empresarial garantizado\",\"publisher\":{\"@id\":\"https:\/\/capig.org.ec\/#organization\"},\"potentialAction\":[{\"@type\":\"SearchAction\",\"target\":{\"@type\":\"EntryPoint\",\"urlTemplate\":\"https:\/\/capig.org.ec\/?s={search_term_string}\"},\"query-input\":{\"@type\":\"PropertyValueSpecification\",\"valueRequired\":true,\"valueName\":\"search_term_string\"}}],\"inLanguage\":\"es\"},{\"@type\":\"Organization\",\"@id\":\"https:\/\/capig.org.ec\/#organization\",\"name\":\"Capig\",\"url\":\"https:\/\/capig.org.ec\/\",\"logo\":{\"@type\":\"ImageObject\",\"inLanguage\":\"es\",\"@id\":\"https:\/\/capig.org.ec\/#\/schema\/logo\/image\/\",\"url\":\"https:\/\/capig.org.ec\/wp-content\/uploads\/2023\/11\/log-capig.jpg\",\"contentUrl\":\"https:\/\/capig.org.ec\/wp-content\/uploads\/2023\/11\/log-capig.jpg\",\"width\":250,\"height\":72,\"caption\":\"Capig\"},\"image\":{\"@id\":\"https:\/\/capig.org.ec\/#\/schema\/logo\/image\/\"},\"sameAs\":[\"https:\/\/www.facebook.com\/lacapig\",\"https:\/\/www.instagram.com\/lacapig\",\"https:\/\/www.tiktok.com\/@capigec\",\"https:\/\/www.youtube.com\/@lacapig\"]}]}<\/script>\n<!-- \/ Yoast SEO plugin. -->","yoast_head_json":{"title":"Charla Virtual Gratuita: Estrategias para construir equipos de alto desempe\u00f1o - Capig","robots":{"index":"index","follow":"follow","max-snippet":"max-snippet:-1","max-image-preview":"max-image-preview:large","max-video-preview":"max-video-preview:-1"},"canonical":"https:\/\/capig.org.ec\/es\/producto\/charla-virtual-gratuita-estrategias-para-construir-equipos-de-alto-desempeno\/","og_locale":"es_ES","og_type":"article","og_title":"Charla Virtual Gratuita: Estrategias para construir equipos de alto desempe\u00f1o - Capig","og_description":"Optimice el capital humano de su organizaci\u00f3n con herramientas de liderazgo y coaching. En el din\u00e1mico entorno industrial actual, la eficiencia t\u00e9cnica ya no es suficiente. El verdadero factor diferenciador de las empresas exitosas es su capacidad para transformar grupos de trabajo en Equipos de Alto Desempe\u00f1o. La C\u00e1mara de la Peque\u00f1a Industria de Guayaquil (CAPIG) invita a gerentes, jefes de \u00e1rea, supervisores y emprendedores a esta jornada de capacitaci\u00f3n gratuita, dise\u00f1ada para brindar herramientas pr\u00e1cticas de gesti\u00f3n y liderazgo inspirador. Objetivos del Evento: \u2022 Evoluci\u00f3n del Liderazgo: Transicional de una gesti\u00f3n puramente t\u00e9cnica hacia un liderazgo que inspire y movilice. \u2022 Cultura de Compromiso: Establecer los pilares de confianza necesarios para equipos ganadores. \u2022 Productividad Real: Aplicar t\u00e9cnicas de coaching para potenciar el rendimiento sin comprometer el clima laboral. Detalles del Evento: \u2022 Fecha: 5 de Mayo \u2022 Hora: 09.00 a 11:00 \u2022 Modalidad: 100% Online (V\u00eda Zoom) \u2022 Costo: Sin costo (Evento abierto para Socios y No Socios) \u2022 Duraci\u00f3n: 2 Horas de formaci\u00f3n intensiva. \u00bfPor qu\u00e9 asistir? Esta charla no es solo te\u00f3rica. Analizaremos la brecha entre \"un grupo\" y \"un equipo real\", proporcionando a los asistentes una hoja de ruta clara para elevar la productividad de sus departamentos desde el primer d\u00eda.  Contacto e informaci\u00f3n adicional: c.formacion@capig.org.ec","og_url":"https:\/\/capig.org.ec\/es\/producto\/charla-virtual-gratuita-estrategias-para-construir-equipos-de-alto-desempeno\/","og_site_name":"Capig","article_publisher":"https:\/\/www.facebook.com\/lacapig","og_image":[{"width":1024,"height":1024,"url":"https:\/\/capig.org.ec\/wp-content\/uploads\/2026\/04\/WhatsApp-Image-2026-04-23-at-14.27.23.jpeg","type":"image\/jpeg"}],"twitter_card":"summary_large_image","schema":{"@context":"https:\/\/schema.org","@graph":[{"@type":"WebPage","@id":"https:\/\/capig.org.ec\/producto\/charla-virtual-gratuita-estrategias-para-construir-equipos-de-alto-desempeno\/","url":"https:\/\/capig.org.ec\/producto\/charla-virtual-gratuita-estrategias-para-construir-equipos-de-alto-desempeno\/","name":"Charla Virtual Gratuita: Estrategias para construir equipos de alto desempe\u00f1o - Capig","isPartOf":{"@id":"https:\/\/capig.org.ec\/#website"},"primaryImageOfPage":{"@id":"https:\/\/capig.org.ec\/producto\/charla-virtual-gratuita-estrategias-para-construir-equipos-de-alto-desempeno\/#primaryimage"},"image":{"@id":"https:\/\/capig.org.ec\/producto\/charla-virtual-gratuita-estrategias-para-construir-equipos-de-alto-desempeno\/#primaryimage"},"thumbnailUrl":"https:\/\/capig.org.ec\/wp-content\/uploads\/2026\/04\/WhatsApp-Image-2026-04-23-at-14.27.23.jpeg","datePublished":"2026-04-24T23:21:06+00:00","breadcrumb":{"@id":"https:\/\/capig.org.ec\/producto\/charla-virtual-gratuita-estrategias-para-construir-equipos-de-alto-desempeno\/#breadcrumb"},"inLanguage":"es","potentialAction":[{"@type":"ReadAction","target":["https:\/\/capig.org.ec\/producto\/charla-virtual-gratuita-estrategias-para-construir-equipos-de-alto-desempeno\/"]}]},{"@type":"ImageObject","inLanguage":"es","@id":"https:\/\/capig.org.ec\/producto\/charla-virtual-gratuita-estrategias-para-construir-equipos-de-alto-desempeno\/#primaryimage","url":"https:\/\/capig.org.ec\/wp-content\/uploads\/2026\/04\/WhatsApp-Image-2026-04-23-at-14.27.23.jpeg","contentUrl":"https:\/\/capig.org.ec\/wp-content\/uploads\/2026\/04\/WhatsApp-Image-2026-04-23-at-14.27.23.jpeg","width":1024,"height":1024},{"@type":"BreadcrumbList","@id":"https:\/\/capig.org.ec\/producto\/charla-virtual-gratuita-estrategias-para-construir-equipos-de-alto-desempeno\/#breadcrumb","itemListElement":[{"@type":"ListItem","position":1,"name":"Inicio","item":"https:\/\/capig.org.ec\/"},{"@type":"ListItem","position":2,"name":"Eventos y capacitaciones","item":"https:\/\/capig.org.ec\/tienda\/"},{"@type":"ListItem","position":3,"name":"Charla Virtual Gratuita: Estrategias para construir equipos de alto desempe\u00f1o"}]},{"@type":"WebSite","@id":"https:\/\/capig.org.ec\/#website","url":"https:\/\/capig.org.ec\/","name":"Capig","description":"Crecimiento empresarial garantizado","publisher":{"@id":"https:\/\/capig.org.ec\/#organization"},"potentialAction":[{"@type":"SearchAction","target":{"@type":"EntryPoint","urlTemplate":"https:\/\/capig.org.ec\/?s={search_term_string}"},"query-input":{"@type":"PropertyValueSpecification","valueRequired":true,"valueName":"search_term_string"}}],"inLanguage":"es"},{"@type":"Organization","@id":"https:\/\/capig.org.ec\/#organization","name":"Capig","url":"https:\/\/capig.org.ec\/","logo":{"@type":"ImageObject","inLanguage":"es","@id":"https:\/\/capig.org.ec\/#\/schema\/logo\/image\/","url":"https:\/\/capig.org.ec\/wp-content\/uploads\/2023\/11\/log-capig.jpg","contentUrl":"https:\/\/capig.org.ec\/wp-content\/uploads\/2023\/11\/log-capig.jpg","width":250,"height":72,"caption":"Capig"},"image":{"@id":"https:\/\/capig.org.ec\/#\/schema\/logo\/image\/"},"sameAs":["https:\/\/www.facebook.com\/lacapig","https:\/\/www.instagram.com\/lacapig","https:\/\/www.tiktok.com\/@capigec","https:\/\/www.youtube.com\/@lacapig"]}]}},"_links":{"self":[{"href":"https:\/\/capig.org.ec\/es\/wp-json\/wp\/v2\/product\/611","targetHints":{"allow":["GET"]}}],"collection":[{"href":"https:\/\/capig.org.ec\/es\/wp-json\/wp\/v2\/product"}],"about":[{"href":"https:\/\/capig.org.ec\/es\/wp-json\/wp\/v2\/types\/product"}],"wp:featuredmedia":[{"embeddable":true,"href":"https:\/\/capig.org.ec\/es\/wp-json\/wp\/v2\/media\/612"}],"wp:attachment":[{"href":"https:\/\/capig.org.ec\/es\/wp-json\/wp\/v2\/media?parent=611"}],"wp:term":[{"taxonomy":"product_brand","embeddable":true,"href":"https:\/\/capig.org.ec\/es\/wp-json\/wp\/v2\/product_brand?post=611"},{"taxonomy":"product_cat","embeddable":true,"href":"https:\/\/capig.org.ec\/es\/wp-json\/wp\/v2\/product_cat?post=611"},{"taxonomy":"product_tag","embeddable":true,"href":"https:\/\/capig.org.ec\/es\/wp-json\/wp\/v2\/product_tag?post=611"}],"curies":[{"name":"wp","href":"https:\/\/api.w.org\/{rel}","templated":true}]}}