{"id":3,"date":"2023-11-26T16:52:07","date_gmt":"2023-11-26T16:52:07","guid":{"rendered":"https:\/\/capig.org.ec\/?page_id=3"},"modified":"2023-11-26T22:23:10","modified_gmt":"2023-11-26T22:23:10","slug":"politicas-privacidad","status":"publish","type":"page","link":"https:\/\/capig.org.ec\/es\/politicas-privacidad\/","title":{"rendered":"Pol\u00edticas de Privacidad"},"content":{"rendered":"<ol>\r\n<li><span style=\"font-weight: 400;\"> POL\u00cdTICAS DE PRIVACIDAD<\/span><\/li>\r\n<\/ol>\r\n<p><span style=\"font-weight: 400;\">1.1. La presente Pol\u00edtica de Privacidad (en adelante la \u201cPol\u00edtica de Privacidad\u201d) se integra con los T\u00e9rminos y Condiciones disponibles en\u00a0NUESTRO SITIO WEB y se aplicar\u00e1n a los Usuarios del Sitio, est\u00e9n o no debidamente registrados. Las definiciones utilizadas en los T\u00e9rminos y Condiciones subsistir\u00e1n y ser\u00e1n aplicable en las presente Pol\u00edticas de Privacidad.<\/span><\/p>\r\n<p><span style=\"font-weight: 400;\">1.2. La Empresa podr\u00e1 modificar la Pol\u00edtica de Privacidad en cualquier momento. Las nuevas versiones de la Pol\u00edtica de Privacidad ser\u00e1n notificadas previamente a su entrada en vigencia mediante: (i) publicaci\u00f3n de dicha nueva versi\u00f3n en\u00a0NUESTRO SITIO WEB, y\/o (ii) por mensaje de correo electr\u00f3nico dirigido al Usuario con un enlace a NUESTRO SITIO WEB.<\/span><\/p>\r\n<p><span style=\"font-weight: 400;\">1.3. El Usuario acepta que ser\u00e1 dado por notificado de cualquier modificaci\u00f3n a la Pol\u00edtica de Privacidad una vez que la Empresa hubiera publicado las mismas en\u00a0NUESTRO SITIO WEB, y que la continuaci\u00f3n del Usuario en el uso de los Servicios una vez publicada dicha nueva versi\u00f3n se considerar\u00e1 como aceptaci\u00f3n de dichas modificaciones a la Pol\u00edtica de Privacidad. En consecuencia, el Usuario acepta: (i) chequear NUESTRO SITIO WEB\u00a0peri\u00f3dicamente; y (ii) leer cualquier mensaje de correo electr\u00f3nico que sea enviado por la Empresa con cualquier modificaci\u00f3n o nueva versi\u00f3n.<\/span><\/p>\r\n<ol start=\"2\">\r\n<li><span style=\"font-weight: 400;\"> RECOLECCI\u00d3N DE INFORMACI\u00d3N DE LOS USUARIOS<\/span><\/li>\r\n<\/ol>\r\n<p><span style=\"font-weight: 400;\">2.1. El Usuario reconoce y acepta que la Empresa pueda recolectar informaci\u00f3n acerca de los Usuarios al momento de registrarse en el Sitio, tales como su nombre, apellido y correo electr\u00f3nico, como as\u00ed tambi\u00e9n de aquellas personas que escriban a NUESTRO CORREO ELECTR\u00d3NICO o que completen nuestras encuestas en el Sitio (en adelante los \u201cDatos\u201d). Los datos ser\u00e1n almacenados en una base de datos de propiedad de la Empresa y ser\u00e1 tratada en forma confidencial y con los debidas medidas de seguridad que se detallar\u00e1n m\u00e1s adelante.<\/span><\/p>\r\n<p><span style=\"font-weight: 400;\">2.2. La Empresa no almacenar\u00e1 ni recopila la informaci\u00f3n y datos de los medios de pago de los Usuarios como ser los n\u00fameros de las tarjetas de cr\u00e9dito o cuentas bancarias, etc. Dicha informaci\u00f3n ser\u00e1 almacenada y\/o recopilada por Gateways de pago externos provistos por otras compa\u00f1\u00edas, de acuerdo a lo establecido en los T\u00e9rminos y Condiciones, no teniendo la Empresa acceso a la misma o a dichos servidores en donde se encuentran almacenados. En tal sentido, la Empresa no se hace responsable de ning\u00fan da\u00f1o o perjuicio que pueda ocurrir al momento de realizar pagos o transacciones a trav\u00e9s de dichos proveedores.<\/span><\/p>\r\n<ol start=\"3\">\r\n<li><span style=\"font-weight: 400;\"> FINALIDAD DE LOS DATOS<\/span><\/li>\r\n<\/ol>\r\n<p><span style=\"font-weight: 400;\">3.1 Los Datos suministrados por el Usuario y recolectados de conformidad con lo establecido en las presentes Pol\u00edticas de Privacidad ser\u00e1n utilizados con la siguiente finalidad:<\/span><\/p>\r\n<ul>\r\n<li style=\"font-weight: 400;\" aria-level=\"1\"><span style=\"font-weight: 400;\">Identificaci\u00f3n del Usuario;<\/span><\/li>\r\n<li style=\"font-weight: 400;\" aria-level=\"1\"><span style=\"font-weight: 400;\">Facturaci\u00f3n y cobro del servicio contratado y\/o producto comprado;<\/span><\/li>\r\n<li style=\"font-weight: 400;\" aria-level=\"1\"><span style=\"font-weight: 400;\">Posibilidad de dar acceso al Servicio y\/o productos;<\/span><\/li>\r\n<li style=\"font-weight: 400;\" aria-level=\"1\"><span style=\"font-weight: 400;\">Poder contar con un tel\u00e9fono o direcci\u00f3n de correo electr\u00f3nico para contactarse con el Usuario con motivo de la utilizaci\u00f3n de los Servicios y\/o compra de productos;<\/span><\/li>\r\n<li style=\"font-weight: 400;\" aria-level=\"1\"><span style=\"font-weight: 400;\">Env\u00edo de informaci\u00f3n promocional de productos o servicios de la Empresa, a trav\u00e9s del env\u00edo de Newsletters. En dicho caso, si el Usuario lo deseara, podr\u00e1 solicitar que se lo elimine de las listas para el env\u00edo de informaci\u00f3n promocional o publicitaria;<\/span><\/li>\r\n<\/ul>\r\n<p><span style=\"font-weight: 400;\">3.2. Adicionalmente, la informaci\u00f3n que provea el Usuario y que la Empresa recolecta directamente en nombre de dicho Usuario, podr\u00e1 ser utilizada por la Empresa para el intercambio de datos entre clientes del Usuario y otros Usuarios a los fines de brindar los Servicios con una mayor eficacia.<\/span><\/p>\r\n<p><span style=\"font-weight: 400;\">3.3. La Empresa podr\u00e1 compartir la informaci\u00f3n con otras empresas de servicios o sitios de internet dedicados a la evaluaci\u00f3n de las conductas de los Usuarios de internet o similares a los fines de mejorar la calidad de los servicios de la Empresa. Generalmente dichas empresas o sitios de internet poseen sus propias pol\u00edticas de privacidad de datos a los fines de su protecci\u00f3n. De todas maneras la Empresa empe\u00f1ar\u00e1 sus mejores esfuerzos en que la privacidad de la informaci\u00f3n compartida sea protegida de la mejor manera posible. Sin perjuicio de ello, la Empresa no ser\u00e1 responsable por los da\u00f1os provocados por tales empresas y\/o sitios de internet en cuanto a su deber de protecci\u00f3n, confidencialidad y privacidad de los datos que ellas manejan.<\/span><\/p>\r\n<p><span style=\"font-weight: 400;\">3.4. La Empresa utilizar\u00e1 los Datos provistos por el Usuario, y la recolectada por la Empresa conforme a lo establecido en las Pol\u00edticas de Privacidad, y no la divulgar\u00e1 salvo que sea solicitada por tribunales, u organismos estatales nacionales o internacionales que as\u00ed lo requieran y lo soliciten en la forma correspondiente.<\/span><\/p>\r\n<p><span style=\"font-weight: 400;\">3.5. La Empresa no estar\u00e1 obligada a retener la informaci\u00f3n durante ning\u00fan plazo establecido y dispondr\u00e1 la eliminaci\u00f3n de la misma cuando lo juzgue conveniente.<\/span><\/p>\r\n<p><span style=\"font-weight: 400;\">3.6. La Empresa podr\u00e1 contener enlaces a otros sitios de internet que no sean propiedad de la Empresa. En consecuencia la Empresa no ser\u00e1 responsable por el actuar de dichos sitios de internet, a los cuales no se aplicar\u00e1 la presente Pol\u00edtica de Privacidad. Recomendamos examinar la pol\u00edtica de privacidad detallada en aquellos sitios de internet para entender los procedimientos de recolecci\u00f3n de informaci\u00f3n que utilizan y c\u00f3mo protegen sus datos personales.<\/span><\/p>\r\n<ol start=\"4\">\r\n<li><span style=\"font-weight: 400;\"> MENORES DE EDAD<\/span><\/li>\r\n<\/ol>\r\n<p><span style=\"font-weight: 400;\">4.1 El Sitio y\/o los Servicios est\u00e1n permitidos s\u00f3lo a quienes tengan edad legal para contratar y no se encuentren inhibidos legalmente o de alg\u00fan modo vedados de ejercer actos jur\u00eddicos, derechos y\/u obligaciones. Habida cuenta de ello, los menores de 18 a\u00f1os no tienen permitido el ingreso al Sitio y\/o los Servicios ni el suministro de ning\u00fan dato personal u otro tipo de informaci\u00f3n.<\/span><\/p>\r\n<ol start=\"5\">\r\n<li><span style=\"font-weight: 400;\"> CONFIDENCIALIDAD Y SEGURIDAD DE LA INFORMACI\u00d3N<\/span><\/li>\r\n<\/ol>\r\n<p><span style=\"font-weight: 400;\">5.1. La Empresa ha adoptado medidas de seguridad razonables para proteger la informaci\u00f3n de los Usuarios, e impedir el acceso no autorizado a sus datos o cualquier modificaci\u00f3n, divulgaci\u00f3n o destrucci\u00f3n no autorizada de los mismos. La informaci\u00f3n recolectada por la Empresa ser\u00e1 mantenida de manera estrictamente confidencial. El acceso a los datos personales est\u00e1 restringido a aquellos empleados, contratistas y representantes de la Empresa que necesitan conocer tales datos para desempe\u00f1ar sus funciones y desarrollar o mejorar nuestros servicios. La Empresa exige a sus proveedores los mismos est\u00e1ndares de confidencialidad. La Empresa no permite el acceso a esta informaci\u00f3n a terceros ajenos a la Empresa, a excepci\u00f3n de un pedido expreso del Usuario.<\/span><\/p>\r\n<p><span style=\"font-weight: 400;\">5.2. La seguridad de los datos de los Usuarios es importante para la Empresa. El software utilizado por la Empresa para proteger los datos brindados por los Usuarios y la informaci\u00f3n recabada por la Empresa es protocolo SSL\u00a0 para encriptar las comunicaciones y para almacenar las contrase\u00f1as en la base de datos.<\/span><\/p>\r\n<ol start=\"6\">\r\n<li><span style=\"font-weight: 400;\"> CESI\u00d3N DE LOS DATOS<\/span><\/li>\r\n<\/ol>\r\n<p><span style=\"font-weight: 400;\">La Empresa no vender\u00e1, alquilar\u00e1 ni compartir\u00e1 los Datos de los Usuarios salvo aquellos casos expresamente previstos en las Pol\u00edticas de Privacidad. No obstante ello, el Usuario presta su expresa conformidad para que la Empresa transfiera total o parcialmente los datos del Usuario a cualquiera de sus sociedades controladas, controlantes y\/o vinculadas con la Empresa.<\/span><\/p>\r\n<ol start=\"7\">\r\n<li><span style=\"font-weight: 400;\"> COOKIES<\/span><\/li>\r\n<\/ol>\r\n<p><span style=\"font-weight: 400;\">7.1. El Usuario reconoce y acepta que el Sitio podr\u00e1 utilizar cookies para brindar a los Usuarios un servicio m\u00e1s completo, recordando sus preferencias. La informaci\u00f3n que recopile la Empresa podr\u00e1 incluir el comportamiento de navegaci\u00f3n, direcci\u00f3n IP, logs, y otros tipos de informaci\u00f3n. Sin embargo, la Empresa no recolecta informaci\u00f3n personal identificable de manera directa de ning\u00fan Usuario usando cookies o tags. Un cookie es un peque\u00f1o archivo de texto mediante el cual se puede identificar en forma exclusiva un navegador de internet, y que suele ser instalado, enviado o escrito en el ordenador de los Usuarios de internet, cuando los mismos ingresan a determinados sitios de internet, a efectos de obtener autom\u00e1ticamente informaci\u00f3n acerca de la conducta de los Usuarios cuando navegan por dichos sitios de internet. Un archivo cookie generalmente contendr\u00e1 el nombre del dominio desde donde la cookie ha sido transferida, la fecha de creaci\u00f3n, y un c\u00f3digo de identificaci\u00f3n. La \u00fanica informaci\u00f3n personal que un cookie puede contener es informaci\u00f3n que el Usuario mismo suministra con su navegaci\u00f3n por internet, tales como la direcci\u00f3n de IP, las p\u00e1ginas visitadas y en qu\u00e9 orden, el tiempo de permanencia en cada p\u00e1gina, la fecha y la hora, etc. (la \u201cInformaci\u00f3n de Actividad\u201d). Un cookie no puede leer datos del disco duro del Usuario ni leer los archivos cookie creados por otros sitios de internet.<\/span><\/p>\r\n<p><span style=\"font-weight: 400;\">7.2. La mayor\u00eda de los navegadores est\u00e1n configurados para aceptar cookies, pero los Usuarios podr\u00e1n reconfigurar su navegador de internet para rechazar todas las cookies o para que el sistema le indique en qu\u00e9 momento se env\u00eda una. Sin embargo, si las cookies est\u00e1n inhabilitadas, es posible que algunas caracter\u00edsticas y servicios de los sitios de internet no funcionen de manera adecuada.<\/span><\/p>\r\n<p><span style=\"font-weight: 400;\">7.3. Los Usuarios podr\u00e1n optar por que su navegador de internet no sea identificado por los Servicios. En tal caso, el Usuario deber\u00e1 acudir a la secci\u00f3n de ayuda de su navegador.<\/span><\/p>\r\n<p><span style=\"font-weight: 400;\">7.4. La empresa hace uso de caracter\u00edsticas de Google Analytics tales como remarketing o los informes de impresiones de la Red de Display de Google, pero no limitadas a \u00e9stas. Los visitantes pueden inhabilitar Google Analytics para la publicidad de display y personalizar los anuncios de la Red de Display de Google mediante la\u00a0<\/span><a href=\"https:\/\/www.google.com\/settings\/ads\"><span style=\"font-weight: 400;\">Configuraci\u00f3n de anuncios<\/span><\/a><span style=\"font-weight: 400;\">. El usuario tambi\u00e9n puede hacer uso del\u00a0<\/span><a href=\"https:\/\/tools.google.com\/dlpage\/gaoptout\/\"><span style=\"font-weight: 400;\">complemento de inhabilitaci\u00f3n para navegadores de Google Analytics<\/span><\/a><span style=\"font-weight: 400;\">.<\/span><\/p>\r\n<p><span style=\"font-weight: 400;\">7.5. La empresa utiliza la funci\u00f3n de remarketing con Google Analytics para publicar anuncios online. Otros proveedores, incluido Google, muestran sus anuncios en sitios de Internet. La empresa y otros proveedores, incluido Google, usan las cookies de origen (como la cookie de Google Analytics) y las cookies de terceros (como la cookie de DoubleClick) combinadas para informar, optimizar y publicar anuncios bas\u00e1ndose en las visitas anteriores al sitio web.<\/span><\/p>\r\n<p><span style=\"font-weight: 400;\">7.6. La empresa y otros proveedores, incluido Google, usan las cookies de origen (como la cookie de Google Analytics) y las cookies de terceros (como la cookie de DoubleClick) combinadas para informar sobre c\u00f3mo se relacionan con las visitas al sitio las impresiones de los anuncios, otros usos de los servicios publicitarios y las interacciones con estas impresiones de los anuncios y servicios publicitarios.<\/span><\/p>\r\n<ol start=\"8\">\r\n<li><span style=\"font-weight: 400;\"> DERECHO AL ACCESO, CANCELACI\u00d3N Y RECTIFICACI\u00d3N DE LOS DATOS<\/span><\/li>\r\n<\/ol>\r\n<p><span style=\"font-weight: 400;\">8.1. Los usuarios tendr\u00e1n derecho a hacer uso responsable de su cuenta en el sitio web. En cualquier momento, el Usuario podr\u00e1 solicitar la baja como Usuario y la eliminaci\u00f3n de su cuenta e informaci\u00f3n de la base de datos de la Empresa, como as\u00ed tambi\u00e9n acceder y actualizar a sus datos personales.<\/span><\/p>\r\n<p><span style=\"font-weight: 400;\">8.2. A dichos efectos, el Usuario deber\u00e1 enviar su Solicitud mediante el env\u00edo de un correo electr\u00f3nico con el asunto \u201cAcceso a Datos Personales\u201d a NUESTRO CORREO ELECTR\u00d3NICO \u00a0La Empresa podr\u00e1 requerir a dicho Usuario que se identifique, lo que podr\u00e1 ser verificado por la Empresa, as\u00ed como que precise los datos personales a los cuales desean acceder, rectificar o remover.<\/span><\/p>\r\n<ol start=\"9\">\r\n<li><span style=\"font-weight: 400;\"> CONTACTO<\/span><\/li>\r\n<\/ol>\r\n<p><span style=\"font-weight: 400;\">9.1. En caso que el Usuario tenga alguna duda acerca de la Pol\u00edtica de Privacidad, o sobre la aplicaci\u00f3n de la misma, deber\u00e1 ponerse en contacto con la Empresa, en cualquier momento, v\u00eda correo electr\u00f3nico a NUESTRO CORREO ELECTR\u00d3NICO.<\/span><\/p>","protected":false},"excerpt":{"rendered":"<p>POL\u00cdTICAS DE PRIVACIDAD 1.1. La presente Pol\u00edtica de Privacidad (en adelante la \u201cPol\u00edtica de Privacidad\u201d) se integra con los T\u00e9rminos<\/p>","protected":false},"author":1,"featured_media":0,"parent":0,"menu_order":0,"comment_status":"closed","ping_status":"open","template":"","meta":{"footnotes":""},"class_list":["post-3","page","type-page","status-publish","hentry"],"yoast_head":"<!-- This site is optimized with the Yoast SEO plugin v27.0 - https:\/\/yoast.com\/product\/yoast-seo-wordpress\/ -->\n<title>Pol\u00edticas de Privacidad - Capig<\/title>\n<meta name=\"robots\" content=\"index, follow, max-snippet:-1, max-image-preview:large, max-video-preview:-1\" \/>\n<link rel=\"canonical\" href=\"https:\/\/capig.org.ec\/es\/politicas-privacidad\/\" \/>\n<meta property=\"og:locale\" content=\"es_ES\" \/>\n<meta property=\"og:type\" content=\"article\" \/>\n<meta property=\"og:title\" content=\"Pol\u00edticas de Privacidad - Capig\" \/>\n<meta property=\"og:description\" content=\"POL\u00cdTICAS DE PRIVACIDAD 1.1. La presente Pol\u00edtica de Privacidad (en adelante la \u201cPol\u00edtica de Privacidad\u201d) se integra con los T\u00e9rminos\" \/>\n<meta property=\"og:url\" content=\"https:\/\/capig.org.ec\/es\/politicas-privacidad\/\" \/>\n<meta property=\"og:site_name\" content=\"Capig\" \/>\n<meta property=\"article:publisher\" content=\"https:\/\/www.facebook.com\/lacapig\" \/>\n<meta property=\"article:modified_time\" content=\"2023-11-26T22:23:10+00:00\" \/>\n<meta name=\"twitter:card\" content=\"summary_large_image\" \/>\n<meta name=\"twitter:label1\" content=\"Tiempo de lectura\" \/>\n\t<meta name=\"twitter:data1\" content=\"9 minutos\" \/>\n<script type=\"application\/ld+json\" class=\"yoast-schema-graph\">{\"@context\":\"https:\/\/schema.org\",\"@graph\":[{\"@type\":\"WebPage\",\"@id\":\"https:\/\/capig.org.ec\/politicas-privacidad\/\",\"url\":\"https:\/\/capig.org.ec\/politicas-privacidad\/\",\"name\":\"Pol\u00edticas de Privacidad - Capig\",\"isPartOf\":{\"@id\":\"https:\/\/capig.org.ec\/#website\"},\"datePublished\":\"2023-11-26T16:52:07+00:00\",\"dateModified\":\"2023-11-26T22:23:10+00:00\",\"breadcrumb\":{\"@id\":\"https:\/\/capig.org.ec\/politicas-privacidad\/#breadcrumb\"},\"inLanguage\":\"es\",\"potentialAction\":[{\"@type\":\"ReadAction\",\"target\":[\"https:\/\/capig.org.ec\/politicas-privacidad\/\"]}]},{\"@type\":\"BreadcrumbList\",\"@id\":\"https:\/\/capig.org.ec\/politicas-privacidad\/#breadcrumb\",\"itemListElement\":[{\"@type\":\"ListItem\",\"position\":1,\"name\":\"Inicio\",\"item\":\"https:\/\/capig.org.ec\/\"},{\"@type\":\"ListItem\",\"position\":2,\"name\":\"Pol\u00edticas de Privacidad\"}]},{\"@type\":\"WebSite\",\"@id\":\"https:\/\/capig.org.ec\/#website\",\"url\":\"https:\/\/capig.org.ec\/\",\"name\":\"Capig\",\"description\":\"Crecimiento empresarial garantizado\",\"publisher\":{\"@id\":\"https:\/\/capig.org.ec\/#organization\"},\"potentialAction\":[{\"@type\":\"SearchAction\",\"target\":{\"@type\":\"EntryPoint\",\"urlTemplate\":\"https:\/\/capig.org.ec\/?s={search_term_string}\"},\"query-input\":{\"@type\":\"PropertyValueSpecification\",\"valueRequired\":true,\"valueName\":\"search_term_string\"}}],\"inLanguage\":\"es\"},{\"@type\":\"Organization\",\"@id\":\"https:\/\/capig.org.ec\/#organization\",\"name\":\"Capig\",\"url\":\"https:\/\/capig.org.ec\/\",\"logo\":{\"@type\":\"ImageObject\",\"inLanguage\":\"es\",\"@id\":\"https:\/\/capig.org.ec\/#\/schema\/logo\/image\/\",\"url\":\"https:\/\/capig.org.ec\/wp-content\/uploads\/2023\/11\/log-capig.jpg\",\"contentUrl\":\"https:\/\/capig.org.ec\/wp-content\/uploads\/2023\/11\/log-capig.jpg\",\"width\":250,\"height\":72,\"caption\":\"Capig\"},\"image\":{\"@id\":\"https:\/\/capig.org.ec\/#\/schema\/logo\/image\/\"},\"sameAs\":[\"https:\/\/www.facebook.com\/lacapig\",\"https:\/\/www.instagram.com\/lacapig\",\"https:\/\/www.tiktok.com\/@capigec\",\"https:\/\/www.youtube.com\/@lacapig\"]}]}<\/script>\n<!-- \/ Yoast SEO plugin. -->","yoast_head_json":{"title":"Pol\u00edticas de Privacidad - Capig","robots":{"index":"index","follow":"follow","max-snippet":"max-snippet:-1","max-image-preview":"max-image-preview:large","max-video-preview":"max-video-preview:-1"},"canonical":"https:\/\/capig.org.ec\/es\/politicas-privacidad\/","og_locale":"es_ES","og_type":"article","og_title":"Pol\u00edticas de Privacidad - Capig","og_description":"POL\u00cdTICAS DE PRIVACIDAD 1.1. La presente Pol\u00edtica de Privacidad (en adelante la \u201cPol\u00edtica de Privacidad\u201d) se integra con los T\u00e9rminos","og_url":"https:\/\/capig.org.ec\/es\/politicas-privacidad\/","og_site_name":"Capig","article_publisher":"https:\/\/www.facebook.com\/lacapig","article_modified_time":"2023-11-26T22:23:10+00:00","twitter_card":"summary_large_image","twitter_misc":{"Tiempo de lectura":"9 minutos"},"schema":{"@context":"https:\/\/schema.org","@graph":[{"@type":"WebPage","@id":"https:\/\/capig.org.ec\/politicas-privacidad\/","url":"https:\/\/capig.org.ec\/politicas-privacidad\/","name":"Pol\u00edticas de Privacidad - Capig","isPartOf":{"@id":"https:\/\/capig.org.ec\/#website"},"datePublished":"2023-11-26T16:52:07+00:00","dateModified":"2023-11-26T22:23:10+00:00","breadcrumb":{"@id":"https:\/\/capig.org.ec\/politicas-privacidad\/#breadcrumb"},"inLanguage":"es","potentialAction":[{"@type":"ReadAction","target":["https:\/\/capig.org.ec\/politicas-privacidad\/"]}]},{"@type":"BreadcrumbList","@id":"https:\/\/capig.org.ec\/politicas-privacidad\/#breadcrumb","itemListElement":[{"@type":"ListItem","position":1,"name":"Inicio","item":"https:\/\/capig.org.ec\/"},{"@type":"ListItem","position":2,"name":"Pol\u00edticas de Privacidad"}]},{"@type":"WebSite","@id":"https:\/\/capig.org.ec\/#website","url":"https:\/\/capig.org.ec\/","name":"Capig","description":"Crecimiento empresarial garantizado","publisher":{"@id":"https:\/\/capig.org.ec\/#organization"},"potentialAction":[{"@type":"SearchAction","target":{"@type":"EntryPoint","urlTemplate":"https:\/\/capig.org.ec\/?s={search_term_string}"},"query-input":{"@type":"PropertyValueSpecification","valueRequired":true,"valueName":"search_term_string"}}],"inLanguage":"es"},{"@type":"Organization","@id":"https:\/\/capig.org.ec\/#organization","name":"Capig","url":"https:\/\/capig.org.ec\/","logo":{"@type":"ImageObject","inLanguage":"es","@id":"https:\/\/capig.org.ec\/#\/schema\/logo\/image\/","url":"https:\/\/capig.org.ec\/wp-content\/uploads\/2023\/11\/log-capig.jpg","contentUrl":"https:\/\/capig.org.ec\/wp-content\/uploads\/2023\/11\/log-capig.jpg","width":250,"height":72,"caption":"Capig"},"image":{"@id":"https:\/\/capig.org.ec\/#\/schema\/logo\/image\/"},"sameAs":["https:\/\/www.facebook.com\/lacapig","https:\/\/www.instagram.com\/lacapig","https:\/\/www.tiktok.com\/@capigec","https:\/\/www.youtube.com\/@lacapig"]}]}},"_links":{"self":[{"href":"https:\/\/capig.org.ec\/es\/wp-json\/wp\/v2\/pages\/3","targetHints":{"allow":["GET"]}}],"collection":[{"href":"https:\/\/capig.org.ec\/es\/wp-json\/wp\/v2\/pages"}],"about":[{"href":"https:\/\/capig.org.ec\/es\/wp-json\/wp\/v2\/types\/page"}],"author":[{"embeddable":true,"href":"https:\/\/capig.org.ec\/es\/wp-json\/wp\/v2\/users\/1"}],"replies":[{"embeddable":true,"href":"https:\/\/capig.org.ec\/es\/wp-json\/wp\/v2\/comments?post=3"}],"version-history":[{"count":1,"href":"https:\/\/capig.org.ec\/es\/wp-json\/wp\/v2\/pages\/3\/revisions"}],"predecessor-version":[{"id":24,"href":"https:\/\/capig.org.ec\/es\/wp-json\/wp\/v2\/pages\/3\/revisions\/24"}],"wp:attachment":[{"href":"https:\/\/capig.org.ec\/es\/wp-json\/wp\/v2\/media?parent=3"}],"curies":[{"name":"wp","href":"https:\/\/api.w.org\/{rel}","templated":true}]}}