{"id":253,"date":"2024-06-27T09:55:29","date_gmt":"2024-06-27T14:55:29","guid":{"rendered":"https:\/\/capig.org.ec\/?page_id=253"},"modified":"2024-08-21T21:42:40","modified_gmt":"2024-08-22T02:42:40","slug":"pago-de-membresias","status":"publish","type":"page","link":"https:\/\/capig.org.ec\/es\/pago-de-membresias\/","title":{"rendered":"Pago de membres\u00edas"},"content":{"rendered":"<div class=\"wpb-content-wrapper\"><div class=\"vc_row wpb_row vc_row-fluid\"><div class=\"wpb_column vc_column_container vc_col-sm-12\"><div class=\"vc_column-inner\"><div class=\"wpb_wrapper\">\n\t\t<div id=\"wd-66bd368b21240\" class=\"title-wrapper wd-wpb set-mb-s reset-last-child  wd-rs-66bd368b21240 wd-title-color-primary wd-title-style-simple text-center  wd-underline-colored\">\n\t\t\t\t\t\t\t<div class=\"title-subtitle  subtitle-color-primary font-default subtitle-style-default wd-font-weight- wd-fontsize-xs\">Pagos seguros 24\/7<\/div>\n\t\t\t\n\t\t\t<div class=\"liner-continer\">\n\t\t\t\t<h4 class=\"woodmart-title-container title  wd-font-weight- wd-fontsize-l\" >MEMBRES\u00cdAS<\/h4>\n\t\t\t\t\t\t\t<\/div>\n\t\t\t\n\t\t\t\n\t\t\t\n\t\t<\/div>\n\t\t\n\t\t\t\t\t<div id=\"wd-rs-667d7e7a67cfe\" class=\"wd-nested-carousel wd-carousel-container wd-rs-667d7e7a67cfe wd-wpb\">\n\t\t\t\t<div class=\"wd-carousel-inner\">\n\t\t\t\t\t<div class=\"wd-carousel wd-grid\" data-scroll_per_page=\"yes\" style=\"--wd-col-lg:3.5;--wd-col-md:3;--wd-col-sm:1.5;--wd-gap-lg:30px;--wd-gap-sm:10px;\">\n\t\t\t\t\t\t<div class=\"wd-carousel-wrap\">\n\t\t\t\t\t\t\t\t\t<div class=\"wd-carousel-item\">\n\t\t\t\n\t<div class=\"wpb_raw_code wpb_raw_html wpb_content_element\" >\n\t\t<div class=\"wpb_wrapper\">\n\t\t\t<div><a class=\"plugnpaid-gxmkdtdhn\"><\/a><script src=\"https:\/\/plu.ug\/n\/gxmkdtdhn\"><\/script><\/div>\n\t\t<\/div>\n\t<\/div>\n\t\t<\/div>\n\t\t\t\t\t\t\t\t<\/div>\n\t\t\t\t\t<\/div>\n\t\t\t\t\t\t\t\t\t\t\t\t\t<div class=\"wd-nav-arrows wd-pos-sep wd-hover-1 wd-icon-1\">\n\t\t\t<div class=\"wd-btn-arrow wd-prev wd-disabled\">\n\t\t\t\t<div class=\"wd-arrow-inner\"><\/div>\n\t\t\t<\/div>\n\t\t\t<div class=\"wd-btn-arrow wd-next\">\n\t\t\t\t<div class=\"wd-arrow-inner\"><\/div>\n\t\t\t<\/div>\n\t\t<\/div>\n\t\t\t\t\t\t\t\t\t\t\t<\/div>\n\n\t\t\t\t\t\t<div class=\"wd-nav-pagin-wrap text-center wd-style-shape wd-hide-md-sm wd-hide-sm\">\n\t\t\t<ul class=\"wd-nav-pagin\"><\/ul>\n\t\t<\/div>\n\t\t\t\t\t\t\t\t\t<\/div>\n\t\t<\/div><\/div><\/div><\/div><div class=\"vc_row wpb_row vc_row-fluid\"><div class=\"wpb_column vc_column_container vc_col-sm-6\"><div class=\"vc_column-inner\"><div class=\"wpb_wrapper\">\n\t<div class=\"wpb_text_column wpb_content_element\" >\n\t\t<div class=\"wpb_wrapper\">\n\t\t\t<div><strong>AFILIACI\u00d3N PYME<\/strong><\/div>\n<div><\/div>\n<div><\/div>\n<div>\u2022 Asesor\u00eda Legal gratuita.<\/div>\n<div>\u2022 Diagn\u00f3stico Legal de cumplimiento por tama\u00f1o de empresa \u2013 gratis.<\/div>\n<div>\u2022 Descuento del 15% en el Centro de Mediaci\u00f3n Resolver.<\/div>\n<div>\u2022 Asesor\u00eda Contable, en temas del SRI, Super C\u00edas, entre otros.<\/div>\n<div>\u2022 Asesor\u00eda Financiera y tributaria, con asesor\u00eda gratuita en la devoluci\u00f3n de IVA, ISD e IR. % especiales.<\/div>\n<div>\u2022 Servicios de outsourcing Financiero, Tributario y Contable<\/div>\n<div>\u2022 Diagn\u00f3stico Ambiental, inspecci\u00f3n en toda la empresa y revisi\u00f3n de permisos ambientales y documentales.<\/div>\n<div>\u2022 Asesor\u00eda en Comercio Exterior, para la b\u00fasqueda de nuevos mercados y potencializaci\u00f3n de la marca\/producto a nivel local e internacional.<\/div>\n<div>\u2022 Espacios de NETWORKING, para ampliar su red de potenciales clientes.<\/div>\n<div>\u2022 Publicidad digital gratuita en nuestras RRSS.<\/div>\n<div>\u2022 Desarrollo de proyectos junto a la Academia para mejora de la productividad con acompa\u00f1amiento de 3 a 4 meses.<\/div>\n<div>\u2022 Red de beneficios de alianzas estrat\u00e9gicas.<\/div>\n<div>\u2022 Centro M\u00e9dico, con atenci\u00f3n gratuita en las especialidades de Medicina General, Odontolog\u00eda y Pediatr\u00eda<\/div>\n<div>\u2022 Tarifas preferenciales en atenci\u00f3n de Salud Mental para personas, parejas o sus familias.<\/div>\n\n\t\t<\/div>\n\t<\/div>\n<div class=\"vc_btn3-container vc_btn3-inline vc_do_btn\" ><a class=\"vc_general vc_btn3 vc_btn3-size-md vc_btn3-shape-rounded vc_btn3-style-modern vc_btn3-icon-left vc_btn3-color-danger\" href=\"https:\/\/payp.page.link\/zZvoJ\" title=\"\"><i class=\"vc_btn3-icon fas fa-angle-double-right\"><\/i> $240<\/a><\/div><\/div><\/div><\/div><div class=\"wpb_column vc_column_container vc_col-sm-6\"><div class=\"vc_column-inner\"><div class=\"wpb_wrapper\">\n\t<div class=\"wpb_text_column wpb_content_element\" >\n\t\t<div class=\"wpb_wrapper\">\n\t\t\t<p><strong>AFILIACI\u00d3N PYME<\/strong><\/p>\n<p>\u2022 Diagn\u00f3stico LEAN MANUFACTURING, en una de sus \u00e1reas.<br \/>\n\u2022 Diagn\u00f3stico MEDIO AMBIENTE<br \/>\n\u2022 Diagn\u00f3stico RECURSOS HUMANOS<br \/>\n\u2022 3 horas gratis de alquiler del auditorio al a\u00f1o.<br \/>\n\u2022 15% en capacitaciones in house<br \/>\n\u2022 3 cursos gratis durante el a\u00f1o<br \/>\n\u2022 Charlas y talleres gratuitos para el personal de la empresa enfocados en salario emocional y salud mental<br \/>\n\u2022 M\u00e1s todos los servicios \/ beneficios de la afiliaci\u00f3n b\u00e1sica.<\/p>\n\n\t\t<\/div>\n\t<\/div>\n<div class=\"vc_btn3-container vc_btn3-inline vc_do_btn\" ><a class=\"vc_general vc_btn3 vc_btn3-size-md vc_btn3-shape-rounded vc_btn3-style-modern vc_btn3-icon-left vc_btn3-color-danger\" href=\"https:\/\/payp.page.link\/yEigr\" title=\"\"><i class=\"vc_btn3-icon fas fa-angle-double-right\"><\/i> $ 600<\/a><\/div><\/div><\/div><\/div><div class=\"wpb_column vc_column_container vc_col-sm-12\"><div class=\"vc_column-inner\"><div class=\"wpb_wrapper\"><\/div><\/div><\/div><div class=\"wpb_column vc_column_container vc_col-sm-12\"><div class=\"vc_column-inner\"><div class=\"wpb_wrapper\"><\/div><\/div><\/div><div class=\"wpb_column vc_column_container vc_col-sm-12\"><div class=\"vc_column-inner\"><div class=\"wpb_wrapper\"><\/div><\/div><\/div><\/div>\n<\/div>","protected":false},"excerpt":{"rendered":"Pagos seguros 24\/7 MEMBRES\u00cdAS AFILIACI\u00d3N PYME \u2022 Asesor\u00eda Legal gratuita. \u2022 Diagn\u00f3stico Legal de cumplimiento por tama\u00f1o de empresa \u2013","protected":false},"author":2,"featured_media":0,"parent":0,"menu_order":0,"comment_status":"closed","ping_status":"closed","template":"","meta":{"footnotes":""},"class_list":["post-253","page","type-page","status-publish","hentry"],"yoast_head":"<!-- This site is optimized with the Yoast SEO plugin v27.0 - https:\/\/yoast.com\/product\/yoast-seo-wordpress\/ -->\n<title>Pago de membres\u00edas - Capig<\/title>\n<meta name=\"robots\" content=\"index, follow, max-snippet:-1, max-image-preview:large, max-video-preview:-1\" \/>\n<link rel=\"canonical\" href=\"https:\/\/capig.org.ec\/es\/pago-de-membresias\/\" \/>\n<meta property=\"og:locale\" content=\"es_ES\" \/>\n<meta property=\"og:type\" content=\"article\" \/>\n<meta property=\"og:title\" content=\"Pago de membres\u00edas - Capig\" \/>\n<meta property=\"og:url\" content=\"https:\/\/capig.org.ec\/es\/pago-de-membresias\/\" \/>\n<meta property=\"og:site_name\" content=\"Capig\" \/>\n<meta property=\"article:publisher\" content=\"https:\/\/www.facebook.com\/lacapig\" \/>\n<meta property=\"article:modified_time\" content=\"2024-08-22T02:42:40+00:00\" \/>\n<meta name=\"twitter:card\" content=\"summary_large_image\" \/>\n<meta name=\"twitter:label1\" content=\"Tiempo de lectura\" \/>\n\t<meta name=\"twitter:data1\" content=\"2 minutos\" \/>\n<script type=\"application\/ld+json\" class=\"yoast-schema-graph\">{\"@context\":\"https:\/\/schema.org\",\"@graph\":[{\"@type\":\"WebPage\",\"@id\":\"https:\/\/capig.org.ec\/pago-de-membresias\/\",\"url\":\"https:\/\/capig.org.ec\/pago-de-membresias\/\",\"name\":\"Pago de membres\u00edas - Capig\",\"isPartOf\":{\"@id\":\"https:\/\/capig.org.ec\/#website\"},\"datePublished\":\"2024-06-27T14:55:29+00:00\",\"dateModified\":\"2024-08-22T02:42:40+00:00\",\"breadcrumb\":{\"@id\":\"https:\/\/capig.org.ec\/pago-de-membresias\/#breadcrumb\"},\"inLanguage\":\"es\",\"potentialAction\":[{\"@type\":\"ReadAction\",\"target\":[\"https:\/\/capig.org.ec\/pago-de-membresias\/\"]}]},{\"@type\":\"BreadcrumbList\",\"@id\":\"https:\/\/capig.org.ec\/pago-de-membresias\/#breadcrumb\",\"itemListElement\":[{\"@type\":\"ListItem\",\"position\":1,\"name\":\"Inicio\",\"item\":\"https:\/\/capig.org.ec\/\"},{\"@type\":\"ListItem\",\"position\":2,\"name\":\"Pago de membres\u00edas\"}]},{\"@type\":\"WebSite\",\"@id\":\"https:\/\/capig.org.ec\/#website\",\"url\":\"https:\/\/capig.org.ec\/\",\"name\":\"Capig\",\"description\":\"Crecimiento empresarial garantizado\",\"publisher\":{\"@id\":\"https:\/\/capig.org.ec\/#organization\"},\"potentialAction\":[{\"@type\":\"SearchAction\",\"target\":{\"@type\":\"EntryPoint\",\"urlTemplate\":\"https:\/\/capig.org.ec\/?s={search_term_string}\"},\"query-input\":{\"@type\":\"PropertyValueSpecification\",\"valueRequired\":true,\"valueName\":\"search_term_string\"}}],\"inLanguage\":\"es\"},{\"@type\":\"Organization\",\"@id\":\"https:\/\/capig.org.ec\/#organization\",\"name\":\"Capig\",\"url\":\"https:\/\/capig.org.ec\/\",\"logo\":{\"@type\":\"ImageObject\",\"inLanguage\":\"es\",\"@id\":\"https:\/\/capig.org.ec\/#\/schema\/logo\/image\/\",\"url\":\"https:\/\/capig.org.ec\/wp-content\/uploads\/2023\/11\/log-capig.jpg\",\"contentUrl\":\"https:\/\/capig.org.ec\/wp-content\/uploads\/2023\/11\/log-capig.jpg\",\"width\":250,\"height\":72,\"caption\":\"Capig\"},\"image\":{\"@id\":\"https:\/\/capig.org.ec\/#\/schema\/logo\/image\/\"},\"sameAs\":[\"https:\/\/www.facebook.com\/lacapig\",\"https:\/\/www.instagram.com\/lacapig\",\"https:\/\/www.tiktok.com\/@capigec\",\"https:\/\/www.youtube.com\/@lacapig\"]}]}<\/script>\n<!-- \/ Yoast SEO plugin. -->","yoast_head_json":{"title":"Pago de membres\u00edas - Capig","robots":{"index":"index","follow":"follow","max-snippet":"max-snippet:-1","max-image-preview":"max-image-preview:large","max-video-preview":"max-video-preview:-1"},"canonical":"https:\/\/capig.org.ec\/es\/pago-de-membresias\/","og_locale":"es_ES","og_type":"article","og_title":"Pago de membres\u00edas - Capig","og_url":"https:\/\/capig.org.ec\/es\/pago-de-membresias\/","og_site_name":"Capig","article_publisher":"https:\/\/www.facebook.com\/lacapig","article_modified_time":"2024-08-22T02:42:40+00:00","twitter_card":"summary_large_image","twitter_misc":{"Tiempo de lectura":"2 minutos"},"schema":{"@context":"https:\/\/schema.org","@graph":[{"@type":"WebPage","@id":"https:\/\/capig.org.ec\/pago-de-membresias\/","url":"https:\/\/capig.org.ec\/pago-de-membresias\/","name":"Pago de membres\u00edas - Capig","isPartOf":{"@id":"https:\/\/capig.org.ec\/#website"},"datePublished":"2024-06-27T14:55:29+00:00","dateModified":"2024-08-22T02:42:40+00:00","breadcrumb":{"@id":"https:\/\/capig.org.ec\/pago-de-membresias\/#breadcrumb"},"inLanguage":"es","potentialAction":[{"@type":"ReadAction","target":["https:\/\/capig.org.ec\/pago-de-membresias\/"]}]},{"@type":"BreadcrumbList","@id":"https:\/\/capig.org.ec\/pago-de-membresias\/#breadcrumb","itemListElement":[{"@type":"ListItem","position":1,"name":"Inicio","item":"https:\/\/capig.org.ec\/"},{"@type":"ListItem","position":2,"name":"Pago de membres\u00edas"}]},{"@type":"WebSite","@id":"https:\/\/capig.org.ec\/#website","url":"https:\/\/capig.org.ec\/","name":"Capig","description":"Crecimiento empresarial garantizado","publisher":{"@id":"https:\/\/capig.org.ec\/#organization"},"potentialAction":[{"@type":"SearchAction","target":{"@type":"EntryPoint","urlTemplate":"https:\/\/capig.org.ec\/?s={search_term_string}"},"query-input":{"@type":"PropertyValueSpecification","valueRequired":true,"valueName":"search_term_string"}}],"inLanguage":"es"},{"@type":"Organization","@id":"https:\/\/capig.org.ec\/#organization","name":"Capig","url":"https:\/\/capig.org.ec\/","logo":{"@type":"ImageObject","inLanguage":"es","@id":"https:\/\/capig.org.ec\/#\/schema\/logo\/image\/","url":"https:\/\/capig.org.ec\/wp-content\/uploads\/2023\/11\/log-capig.jpg","contentUrl":"https:\/\/capig.org.ec\/wp-content\/uploads\/2023\/11\/log-capig.jpg","width":250,"height":72,"caption":"Capig"},"image":{"@id":"https:\/\/capig.org.ec\/#\/schema\/logo\/image\/"},"sameAs":["https:\/\/www.facebook.com\/lacapig","https:\/\/www.instagram.com\/lacapig","https:\/\/www.tiktok.com\/@capigec","https:\/\/www.youtube.com\/@lacapig"]}]}},"_links":{"self":[{"href":"https:\/\/capig.org.ec\/es\/wp-json\/wp\/v2\/pages\/253","targetHints":{"allow":["GET"]}}],"collection":[{"href":"https:\/\/capig.org.ec\/es\/wp-json\/wp\/v2\/pages"}],"about":[{"href":"https:\/\/capig.org.ec\/es\/wp-json\/wp\/v2\/types\/page"}],"author":[{"embeddable":true,"href":"https:\/\/capig.org.ec\/es\/wp-json\/wp\/v2\/users\/2"}],"replies":[{"embeddable":true,"href":"https:\/\/capig.org.ec\/es\/wp-json\/wp\/v2\/comments?post=253"}],"version-history":[{"count":12,"href":"https:\/\/capig.org.ec\/es\/wp-json\/wp\/v2\/pages\/253\/revisions"}],"predecessor-version":[{"id":309,"href":"https:\/\/capig.org.ec\/es\/wp-json\/wp\/v2\/pages\/253\/revisions\/309"}],"wp:attachment":[{"href":"https:\/\/capig.org.ec\/es\/wp-json\/wp\/v2\/media?parent=253"}],"curies":[{"name":"wp","href":"https:\/\/api.w.org\/{rel}","templated":true}]}}